{"id":8,"date":"2018-05-01T06:19:22","date_gmt":"2018-05-01T06:19:22","guid":{"rendered":"https:\/\/xn--buper-gra.ch\/?page_id=8"},"modified":"2020-06-25T12:08:31","modified_gmt":"2020-06-25T10:08:31","slug":"startseite","status":"publish","type":"page","link":"https:\/\/xn--buper-gra.ch\/","title":{"rendered":"Home"},"content":{"rendered":"<p style=\"text-align: center;\"><strong>S\u00e4l\u00fc Z\u00e4m\u00e4!<\/strong><\/p>\n<p>Wer uns noch nicht kennt, wir sind zwei Kumpels aus Belp welche die Schnauze voll hatten von der Massen Pl\u00f6rre welche in den meisten Restaurants und Bars gezapft wird.<br \/>\nNach einem ersten Kontakt des Bierbrauens mit einem Bierbrauset, nahmen wir bei J\u00fcrg Kohler in der <a href=\"https:\/\/egghubel.ch\/\">Brauwerkstatt Egghubel<\/a> an einem Bierbrauseminar teil.<\/p>\n<p>Wir waren dermassen fasziniert vom diesem Handwerk das wir kurze Zeit sp\u00e4ter, Online ein Home Brew Kit bestellten. Damit fingen die ersten Brauversuche bei Baron (Pascal) zuhause in der K\u00fcche an.<br \/>\nDie ersten paar S\u00fcde konnten wir allesamt den Abfluss runter sp\u00fclen\u2026<\/p>\n<p>Wir gaben aber nicht auf und brauten fr\u00f6hlich weiter bis das erste geniessbare unsere Kehlen befeuchtete.<\/p>\n<p>Nach knapp einem Jahr wollten wir mehr und begannen mit der Suche nach einem geeigneten Raum. Zuf\u00e4lligerweise zog ein Nachbar von \u00c4llen (Alain) zu diesem Zeitpunkt aus, dadurch wurde eine Garage frei.<br \/>\nGl\u00fccklich zogen wir mit unseren Utensilien dort ein und fuhren die Produktion dank neuen Ger\u00e4tschaften hoch auf ca. 70L pro Sud.<\/p>\n<p>Nach nunmehr 9 Monaten wurde uns die Garage zu klein und wir begannen wiederum mit der Suche nach einem passenden Raum.<br \/>\nDie von uns selber gestellte Anforderung das sich die R\u00e4umlichkeit in Belp befinden muss, gestaltete die Suche nicht gerade einfach.<\/p>\n<p>Wieder einmal zeigte der Biergott (oder so) erbarmen und verkoppelte uns mit der Jorim AG welche die R\u00e4umlichkeiten der Ehemaligen Jordi Druckerei vermietet.<br \/>\nIn dessen ehemaligen Werkstatt entsteht nun etwas, auf das wir uns bereits jetzt wie Kleinkinder an Weihnachten freuen\u2026<\/p>\n<p>Die Brauerei befindet sich momentan im Aufbau, wie auch diese Seite.<br \/>\nWir bem\u00fchen uns euch auf dem Laufenden zu halten und posten News hier wie auch auf unserer <a href=\"https:\/\/www.facebook.com\/Baeuper\/\">Facebook Seite<\/a>.<\/p>\n<p>Durstige Gr\u00fcsse Alain und Pascal<\/p>\n<p><img loading=\"lazy\" decoding=\"async\" width=\"225\" height=\"300\" src=\"https:\/\/xn--buper-gra.ch\/wp-content\/uploads\/2018\/05\/Solothurner-Biertage-225x300.jpg\" alt=\"\" srcset=\"https:\/\/xn--buper-gra.ch\/wp-content\/uploads\/2018\/05\/Solothurner-Biertage-225x300.jpg 225w, https:\/\/xn--buper-gra.ch\/wp-content\/uploads\/2018\/05\/Solothurner-Biertage-768x1024.jpg 768w, https:\/\/xn--buper-gra.ch\/wp-content\/uploads\/2018\/05\/Solothurner-Biertage.jpg 972w\" sizes=\"auto, (max-width: 225px) 100vw, 225px\"><\/p>\n<h1>Seit August 2018 sind wir Partner von One Tree Planted<\/h1>\n<p><iframe loading=\"lazy\" title=\"Reforestation Partners 2018 | One Tree Planted\" width=\"640\" height=\"360\" src=\"https:\/\/www.youtube.com\/embed\/GCX4VUzmNWA?feature=oembed\" frameborder=\"0\" allow=\"accelerometer; autoplay; clipboard-write; encrypted-media; gyroscope; picture-in-picture; web-share\" referrerpolicy=\"strict-origin-when-cross-origin\" allowfullscreen><\/iframe><\/p>\n","protected":false},"excerpt":{"rendered":"<p>S\u00e4l\u00fc Z\u00e4m\u00e4! Wer uns noch nicht kennt, wir sind zwei Kumpels aus Belp welche die Schnauze voll hatten von der Massen Pl\u00f6rre welche in den meisten Restaurants und Bars gezapft wird. Nach einem ersten Kontakt des Bierbrauens mit einem Bierbrauset, [&hellip;]<\/p>\n","protected":false},"author":1,"featured_media":0,"parent":0,"menu_order":0,"comment_status":"closed","ping_status":"closed","template":"page-templates\/page_fullwidth.php","meta":{"footnotes":""},"class_list":["post-8","page","type-page","status-publish","hentry","clearfix"],"_links":{"self":[{"href":"https:\/\/xn--buper-gra.ch\/index.php?rest_route=\/wp\/v2\/pages\/8","targetHints":{"allow":["GET"]}}],"collection":[{"href":"https:\/\/xn--buper-gra.ch\/index.php?rest_route=\/wp\/v2\/pages"}],"about":[{"href":"https:\/\/xn--buper-gra.ch\/index.php?rest_route=\/wp\/v2\/types\/page"}],"author":[{"embeddable":true,"href":"https:\/\/xn--buper-gra.ch\/index.php?rest_route=\/wp\/v2\/users\/1"}],"replies":[{"embeddable":true,"href":"https:\/\/xn--buper-gra.ch\/index.php?rest_route=%2Fwp%2Fv2%2Fcomments&post=8"}],"version-history":[{"count":19,"href":"https:\/\/xn--buper-gra.ch\/index.php?rest_route=\/wp\/v2\/pages\/8\/revisions"}],"predecessor-version":[{"id":444,"href":"https:\/\/xn--buper-gra.ch\/index.php?rest_route=\/wp\/v2\/pages\/8\/revisions\/444"}],"wp:attachment":[{"href":"https:\/\/xn--buper-gra.ch\/index.php?rest_route=%2Fwp%2Fv2%2Fmedia&parent=8"}],"curies":[{"name":"wp","href":"https:\/\/api.w.org\/{rel}","templated":true}]}}